{"id":11,"date":"2019-04-26T14:16:00","date_gmt":"2019-04-26T14:16:00","guid":{"rendered":"http:\/\/msschmid.de\/?page_id=11"},"modified":"2019-07-15T13:37:35","modified_gmt":"2019-07-15T13:37:35","slug":"home","status":"publish","type":"page","link":"https:\/\/msschmid.de\/","title":{"rendered":"MS Elektropr\u00fcfservice"},"content":{"rendered":"\n<div class=\"wp-block-image\"><figure class=\"alignleft is-resized\"><img loading=\"lazy\" decoding=\"async\" src=\"http:\/\/msschmid.de\/wp-content\/uploads\/2019\/06\/image001.jpg\" alt=\"\" class=\"wp-image-64\" width=\"205\" height=\"154\" srcset=\"https:\/\/msschmid.de\/wp-content\/uploads\/2019\/06\/image001.jpg 472w, https:\/\/msschmid.de\/wp-content\/uploads\/2019\/06\/image001-300x225.jpg 300w\" sizes=\"(max-width: 205px) 100vw, 205px\" \/><\/figure><\/div>\n\n\n\n<p class=\"has-medium-font-size\"><strong>MS Elektropr\u00fcfservice<\/strong><\/p>\n\n\n\n<p class=\"has-medium-font-size\"><strong>Manfred Schmid<\/strong><\/p>\n\n\n\n<h2 class=\"wp-block-heading\"><strong>Fachliche Pr\u00fcfung ortsver\u00e4nderlicher Elektroger\u00e4te <\/strong><\/h2>\n\n\n\n<p>gem\u00e4\u00df <strong><em>BetrSichV<\/em><\/strong>  <\/p>\n\n\n\n<p>nach <strong><em>DGUV 3<\/em><\/strong> <\/p>\n\n\n\n<p>und <strong><em>DIN VDE 0701-0702<\/em><\/strong>                                                                                                                                                                                                                                              <\/p>\n\n\n\n<p>unter Ber\u00fccksichtigung der <strong><em>TRBS<\/em><\/strong> <\/p>\n\n\n\n<p style=\"text-align:center\" class=\"has-text-color has-background has-large-font-size has-cyan-bluish-gray-color has-vivid-red-background-color\">                  <strong> Sicherheit geht vor!  <\/strong>                                                                          <\/p>\n\n\n\n<p>Die Pr\u00fcfung s\u00e4mtlicher ortsver\u00e4nderlicher elektrischer Ger\u00e4te ist <strong>VERPFLICHTEND<\/strong>! Regelm\u00e4\u00dfige Pr\u00fcfungen sind zwingend erforderlich!<\/p>\n\n\n\n<p>Zur Pr\u00fcfung verwende ich modernste Technik (Secutest Pro) der Firma Gossen Metrawatt \/ GMC-I Messtechnik GmbH und gew\u00e4hrleiste somit schnelle und exakte Messungen, transparente Dokumentation und Inventarisierung.<\/p>\n\n\n\n<p>Ich biete verschiedene Auswertungen, f\u00e4lschungssichere Pr\u00fcfberichte sowie Kennzeichnung durch Pr\u00fcfplakette.<\/p>\n\n\n\n<div class=\"wp-block-image\"><figure class=\"aligncenter is-resized\"><img loading=\"lazy\" decoding=\"async\" src=\"http:\/\/msschmid.de\/wp-content\/uploads\/2019\/06\/Pr\u00fcfger\u00e4t-Foto-1-1024x725.jpg\" alt=\"\" class=\"wp-image-131\" width=\"309\" height=\"218\" srcset=\"https:\/\/msschmid.de\/wp-content\/uploads\/2019\/06\/Pr\u00fcfger\u00e4t-Foto-1-1024x725.jpg 1024w, https:\/\/msschmid.de\/wp-content\/uploads\/2019\/06\/Pr\u00fcfger\u00e4t-Foto-1-300x213.jpg 300w, https:\/\/msschmid.de\/wp-content\/uploads\/2019\/06\/Pr\u00fcfger\u00e4t-Foto-1-768x544.jpg 768w, https:\/\/msschmid.de\/wp-content\/uploads\/2019\/06\/Pr\u00fcfger\u00e4t-Foto-1.jpg 1063w\" sizes=\"(max-width: 309px) 100vw, 309px\" \/><\/figure><\/div>\n\n\n\n<p><strong>Ich f\u00fchre durch:<\/strong><\/p>\n\n\n\n<ul class=\"wp-block-list\"><li>Pr\u00fcfung bei Instandsetzung<\/li><li>Pr\u00fcfung bei \u00c4nderungen<\/li><li>Wiederholungspr\u00fcfungen<\/li><\/ul>\n\n\n\n<p><\/p>\n\n\n\n<p><\/p>\n\n\n\n<p><strong>Ich gew\u00e4hrleiste:<\/strong><\/p>\n\n\n\n<ul class=\"wp-block-list\"><li>schnelle Messungen<\/li><li>exakte Messergebnisse<\/li><li>transparente Dokumentation<\/li><li>Inventarisierung (\u00fcber Barcode\/QR-Code)<\/li><li>Kennzeichnung durch Pr\u00fcfplakette<\/li><\/ul>\n\n\n\n<p><\/p>\n\n\n\n<p style=\"text-align:center\"><strong>F\u00fcr weitere Informationen stehe ich Ihnen gerne zur Verf\u00fcgung!<\/strong><\/p>\n\n\n\n<p><\/p>\n\n\n\n<p style=\"text-align:left\">Beratungsgespr\u00e4che sowie die Durchf\u00fchrung der Pr\u00fcfungen k\u00f6nnen auch au\u00dferhalb der \u00fcblichen Gesch\u00e4ftszeiten sowie an Wochenenden vereinbart werden.<\/p>\n\n\n\n<p><\/p>\n","protected":false},"excerpt":{"rendered":"<p>MS Elektropr\u00fcfservice Manfred Schmid Fachliche Pr\u00fcfung ortsver\u00e4nderlicher Elektroger\u00e4te gem\u00e4\u00df BetrSichV nach DGUV 3 und DIN VDE 0701-0702 unter Ber\u00fccksichtigung der TRBS Sicherheit geht vor! Die Pr\u00fcfung s\u00e4mtlicher ortsver\u00e4nderlicher elektrischer Ger\u00e4te ist VERPFLICHTEND! Regelm\u00e4\u00dfige Pr\u00fcfungen sind zwingend erforderlich! Zur Pr\u00fcfung verwende ich modernste Technik (Secutest Pro) der Firma Gossen Metrawatt \/ GMC-I Messtechnik GmbH und gew\u00e4hrleiste &hellip; <\/p>\n<p class=\"link-more\"><a href=\"https:\/\/msschmid.de\/\" class=\"more-link\"><span class=\"screen-reader-text\">\u201eMS Elektropr\u00fcfservice\u201c<\/span> weiterlesen<\/a><\/p>\n","protected":false},"author":1,"featured_media":0,"parent":0,"menu_order":0,"comment_status":"closed","ping_status":"closed","template":"","meta":{"footnotes":""},"class_list":["post-11","page","type-page","status-publish","hentry"],"_links":{"self":[{"href":"https:\/\/msschmid.de\/index.php?rest_route=\/wp\/v2\/pages\/11"}],"collection":[{"href":"https:\/\/msschmid.de\/index.php?rest_route=\/wp\/v2\/pages"}],"about":[{"href":"https:\/\/msschmid.de\/index.php?rest_route=\/wp\/v2\/types\/page"}],"author":[{"embeddable":true,"href":"https:\/\/msschmid.de\/index.php?rest_route=\/wp\/v2\/users\/1"}],"replies":[{"embeddable":true,"href":"https:\/\/msschmid.de\/index.php?rest_route=%2Fwp%2Fv2%2Fcomments&post=11"}],"version-history":[{"count":56,"href":"https:\/\/msschmid.de\/index.php?rest_route=\/wp\/v2\/pages\/11\/revisions"}],"predecessor-version":[{"id":243,"href":"https:\/\/msschmid.de\/index.php?rest_route=\/wp\/v2\/pages\/11\/revisions\/243"}],"wp:attachment":[{"href":"https:\/\/msschmid.de\/index.php?rest_route=%2Fwp%2Fv2%2Fmedia&parent=11"}],"curies":[{"name":"wp","href":"https:\/\/api.w.org\/{rel}","templated":true}]}}