{"id":13,"date":"2019-04-26T14:16:40","date_gmt":"2019-04-26T14:16:40","guid":{"rendered":"http:\/\/msschmid.de\/?page_id=13"},"modified":"2019-07-15T12:39:01","modified_gmt":"2019-07-15T12:39:01","slug":"ueber-mich","status":"publish","type":"page","link":"https:\/\/msschmid.de\/?page_id=13","title":{"rendered":"Gesetzliche Vorschriften"},"content":{"rendered":"\n<p style=\"text-align:center\" class=\"has-text-color has-background has-large-font-size has-cyan-bluish-gray-color has-vivid-red-background-color\"><strong> Sicherheit geht vor!  <\/strong><\/p>\n\n\n\n<p style=\"text-align:center\" class=\"has-medium-font-size\">Die Pr\u00fcfung s\u00e4mtlicher ortsver\u00e4nderlicher elektrischer Ger\u00e4te ist <strong>VERPFLICHTEND<\/strong>! <\/p>\n\n\n\n<p>     <\/p>\n\n\n\n<p class=\"has-medium-font-size\">gem\u00e4\u00df <strong><em>BetrSichV<\/em><\/strong><\/p>\n\n\n\n<p style=\"text-align:left\" class=\"has-small-font-size\">-&gt; Betriebssicherheitsverordnung<\/p>\n\n\n\n<p>      <\/p>\n\n\n\n<p><\/p>\n\n\n\n<p><\/p>\n\n\n\n<p class=\"has-medium-font-size\">nach <strong><em>DGUV 3<\/em><\/strong><\/p>\n\n\n\n<p class=\"has-small-font-size\">-&gt; Deutsche Gesetzliche Unfallversicherung<\/p>\n\n\n\n<p>       <\/p>\n\n\n\n<p><\/p>\n\n\n\n<p><\/p>\n\n\n\n<p class=\"has-medium-font-size\">und <strong><em>DIN VDE 0701-0702<\/em><\/strong><\/p>\n\n\n\n<p class=\"has-small-font-size\">-> Verband der Elektrotechnik, Elektronik und Informationstechnik e. V.<\/p>\n\n\n\n<p>       <\/p>\n\n\n\n<p><\/p>\n\n\n\n<p><\/p>\n\n\n\n<p class=\"has-medium-font-size\">unter Ber\u00fccksichtigung der <strong><em>TRBS<\/em><\/strong><\/p>\n\n\n\n<p class=\"has-small-font-size\">-&gt; Technische Regeln f\u00fcr Betriebssicherheit<\/p>\n","protected":false},"excerpt":{"rendered":"<p>Sicherheit geht vor! Die Pr\u00fcfung s\u00e4mtlicher ortsver\u00e4nderlicher elektrischer Ger\u00e4te ist VERPFLICHTEND! gem\u00e4\u00df BetrSichV -&gt; Betriebssicherheitsverordnung nach DGUV 3 -&gt; Deutsche Gesetzliche Unfallversicherung und DIN VDE 0701-0702 -> Verband der Elektrotechnik, Elektronik und Informationstechnik e. V. unter Ber\u00fccksichtigung der TRBS -&gt; Technische Regeln f\u00fcr Betriebssicherheit<\/p>\n","protected":false},"author":1,"featured_media":0,"parent":0,"menu_order":0,"comment_status":"closed","ping_status":"closed","template":"","meta":{"footnotes":""},"class_list":["post-13","page","type-page","status-publish","hentry"],"_links":{"self":[{"href":"https:\/\/msschmid.de\/index.php?rest_route=\/wp\/v2\/pages\/13"}],"collection":[{"href":"https:\/\/msschmid.de\/index.php?rest_route=\/wp\/v2\/pages"}],"about":[{"href":"https:\/\/msschmid.de\/index.php?rest_route=\/wp\/v2\/types\/page"}],"author":[{"embeddable":true,"href":"https:\/\/msschmid.de\/index.php?rest_route=\/wp\/v2\/users\/1"}],"replies":[{"embeddable":true,"href":"https:\/\/msschmid.de\/index.php?rest_route=%2Fwp%2Fv2%2Fcomments&post=13"}],"version-history":[{"count":10,"href":"https:\/\/msschmid.de\/index.php?rest_route=\/wp\/v2\/pages\/13\/revisions"}],"predecessor-version":[{"id":239,"href":"https:\/\/msschmid.de\/index.php?rest_route=\/wp\/v2\/pages\/13\/revisions\/239"}],"wp:attachment":[{"href":"https:\/\/msschmid.de\/index.php?rest_route=%2Fwp%2Fv2%2Fmedia&parent=13"}],"curies":[{"name":"wp","href":"https:\/\/api.w.org\/{rel}","templated":true}]}}